{"id":1183,"date":"2020-05-17T14:26:46","date_gmt":"2020-05-17T12:26:46","guid":{"rendered":"http:\/\/herbae.hr\/?page_id=1183"},"modified":"2020-08-25T17:57:16","modified_gmt":"2020-08-25T15:57:16","slug":"payment-methods","status":"publish","type":"page","link":"https:\/\/herbae.hr\/en\/payment-methods\/","title":{"rendered":"Payment methods"},"content":{"rendered":"<p>herbae.hr prihva\u0107a\u00a0<em>PLA\u0106ANJE KARTICAMA ON LINE (jednokratno)!<br \/>\nMogu\u0107e je pla\u0107anje karticama: American Express, MasterCard, Maestro, Visa, Diners, Discover.<\/em><\/p>\n<p>Sve cijene na stranicama herbae.hr izra\u017eene su u kunama te sadr\u017eavaju PDV.<br \/>\nOn line Pla\u0107anje dostupno je od 0 \u2013 24h te je omogu\u0107eno slijede\u0107im karticama: American Express, MasterCard, Maestro, Visa, Diners, Discover<\/p>\n<div class=\"clearfix\">\n<div class=\"payment_cards\"><a href=\"http:\/\/herbae.hr\/wp-content\/uploads\/2020\/05\/cards-1.png\"><img loading=\"lazy\" decoding=\"async\" class=\"alignnone wp-image-1143 \" src=\"http:\/\/herbae.hr\/wp-content\/uploads\/2020\/05\/cards-1-1024x95.png\" alt=\"\" width=\"464\" height=\"43\" srcset=\"https:\/\/herbae.hr\/en\/wp-content\/uploads\/2020\/05\/cards-1-1024x95.png 1024w, https:\/\/herbae.hr\/en\/wp-content\/uploads\/2020\/05\/cards-1-300x28.png 300w, https:\/\/herbae.hr\/en\/wp-content\/uploads\/2020\/05\/cards-1-768x71.png 768w, https:\/\/herbae.hr\/en\/wp-content\/uploads\/2020\/05\/cards-1-1536x142.png 1536w, https:\/\/herbae.hr\/en\/wp-content\/uploads\/2020\/05\/cards-1-2048x190.png 2048w, https:\/\/herbae.hr\/en\/wp-content\/uploads\/2020\/05\/cards-1-610x57.png 610w, https:\/\/herbae.hr\/en\/wp-content\/uploads\/2020\/05\/cards-1-260x24.png 260w, https:\/\/herbae.hr\/en\/wp-content\/uploads\/2020\/05\/cards-1-50x5.png 50w, https:\/\/herbae.hr\/en\/wp-content\/uploads\/2020\/05\/cards-1-150x14.png 150w, https:\/\/herbae.hr\/en\/wp-content\/uploads\/2020\/05\/cards-1-600x56.png 600w\" sizes=\"(max-width:767px) 464px, 464px\" \/><\/a><\/div>\n<p><strong>Izjava o sigurnosti<\/strong><br \/>\nPla\u0107anje i kupovina na na\u0161im internet stranicama je potpuno sigurna. Za intentet kreditnim karticama pla\u0107anje koristimo T-Com Pay Way Gateway servis za internet naplatu.<\/p>\n<p>T-Com Pay Way primjenjuje najmodernije standarde u za\u0161titi podataka &#8211; Secure Socket Layer (SSL) protokol sa 128-bitnom enkripcijom podataka i MD5 algoritam. ISO 8583 protokol osigurava da se razmjena podataka izme\u0111u T-Com sustava i autorizacijskih centara karti\u010dnih ku\u0107a obavlja u privatnoj mre\u017ei, koja je od neautoriziranog pristupa za\u0161ti\u0107ena dvostrukim slojem &#8220;vatrozida&#8221; (firewalla).<\/p>\n<p class=\"securityLogos\"><a href=\"https:\/\/www.hrvatskitelekom.hr\/poslovni\/ict\/poslovna-rjesenja\/web-shop\" target=\"_blank\" rel=\"noopener noreferrer\"><img decoding=\"async\" title=\"PayWay\" src=\"https:\/\/www.svikoncerti.eu\/images\/kartice\/PAYWAYsticker.png\" alt=\"PayWay\" \/><\/a><a href=\"http:\/\/www.americanexpress.hr\/webtrgovina\/Jamstvo_sigurne_online_kupnje.html\" target=\"_blank\" rel=\"noopener noreferrer\"><img decoding=\"async\" title=\"American Express - Jamstvo sigurne online kupnje\" src=\"https:\/\/www.svikoncerti.eu\/images\/kartice\/ax_jamstvo.png\" alt=\"american jamstvo\" \/><\/a><a href=\"http:\/\/www.pbzcard.hr\/media\/53821\/mcsc_hr.html\" target=\"_blank\" rel=\"noopener noreferrer\"><img decoding=\"async\" title=\"MasterCard SecureCode\" src=\"https:\/\/www.svikoncerti.eu\/images\/kartice\/mastercard_securecode.png\" alt=\"mastercard securecode\" \/><\/a><a href=\"http:\/\/www.pbzcard.hr\/media\/53827\/vbv_hr.html\" target=\"_blank\" rel=\"noopener noreferrer\"><img decoding=\"async\" title=\"Verified by Visa\" src=\"https:\/\/www.svikoncerti.eu\/images\/kartice\/verified_by_visa.png\" alt=\"visa verified\" \/><\/a><\/p>\n<div class=\"itemBody\">\n<div class=\"itemFullText\">\n<p><strong>Izjava o konverziji<\/strong><br \/>\nAll payments will be effected in Croatian currency. The charged amount on your credit card account is converted into your local currency according to the exchange rate of credit card associations.<\/p>\n<p><strong>3dsecure upute za sigurnu internetsku trgovinu<\/strong><br \/>\n<a href=\"http:\/\/www.erstecardclub.hr\/Press\/Vijesti\/Vijest\/22-tra-2013\/3D-SecureCode-usluga-za-sigurnu-internetsku-kupnju.html?bmlcNDU%3d\" target=\"_blank\" rel=\"noopener noreferrer\">http:\/\/www.erstecardclub.hr\/Press\/Vijesti\/Vijest\/22-tra-2013\/3D-SecureCode-usluga-za-sigurnu-internetsku-kupnju.html?bmlcNDU%3d<\/a><\/p>\n<\/div>\n<\/div>\n<\/div>\n","protected":false},"excerpt":{"rendered":"<p>herbae.hr prihva\u0107a\u00a0PLA\u0106ANJE KARTICAMA ON LINE (jednokratno)! Mogu\u0107e je pla\u0107anje karticama: American Express, MasterCard, Maestro, Visa, Diners, Discover. Sve cijene na stranicama herbae.hr izra\u017eene su u kunama<span class=\"excerpt-hellip\"> [\u2026]<\/span><\/p>\n","protected":false},"author":1,"featured_media":0,"parent":0,"menu_order":0,"comment_status":"closed","ping_status":"closed","template":"","meta":{"footnotes":""},"aioseo_notices":[],"jetpack_sharing_enabled":true,"_links":{"self":[{"href":"https:\/\/herbae.hr\/en\/wp-json\/wp\/v2\/pages\/1183"}],"collection":[{"href":"https:\/\/herbae.hr\/en\/wp-json\/wp\/v2\/pages"}],"about":[{"href":"https:\/\/herbae.hr\/en\/wp-json\/wp\/v2\/types\/page"}],"author":[{"embeddable":true,"href":"https:\/\/herbae.hr\/en\/wp-json\/wp\/v2\/users\/1"}],"replies":[{"embeddable":true,"href":"https:\/\/herbae.hr\/en\/wp-json\/wp\/v2\/comments?post=1183"}],"version-history":[{"count":4,"href":"https:\/\/herbae.hr\/en\/wp-json\/wp\/v2\/pages\/1183\/revisions"}],"predecessor-version":[{"id":1553,"href":"https:\/\/herbae.hr\/en\/wp-json\/wp\/v2\/pages\/1183\/revisions\/1553"}],"wp:attachment":[{"href":"https:\/\/herbae.hr\/en\/wp-json\/wp\/v2\/media?parent=1183"}],"curies":[{"name":"wp","href":"https:\/\/api.w.org\/{rel}","templated":true}]}}